{"id":27,"date":"2023-05-24T09:16:45","date_gmt":"2023-05-24T12:16:45","guid":{"rendered":"https:\/\/transpotyguar.com.br\/?page_id=27"},"modified":"2023-05-31T08:43:22","modified_gmt":"2023-05-31T11:43:22","slug":"sobre","status":"publish","type":"page","link":"https:\/\/transpotyguar.com.br\/?page_id=27","title":{"rendered":"sobre"},"content":{"rendered":"\t\t<div data-elementor-type=\"wp-page\" data-elementor-id=\"27\" class=\"elementor elementor-27\">\n\t\t\t\t<div class=\"elementor-element elementor-element-82ff163 e-con-full e-flex e-con e-parent\" data-id=\"82ff163\" data-element_type=\"container\" data-e-type=\"container\" data-settings=\"{&quot;background_background&quot;:&quot;classic&quot;,&quot;shape_divider_bottom&quot;:&quot;triangle-asymmetrical&quot;,&quot;shape_divider_bottom_negative&quot;:&quot;yes&quot;}\">\n\t\t\t\t<div class=\"elementor-shape elementor-shape-bottom\" aria-hidden=\"true\" data-negative=\"true\">\n\t\t\t<svg xmlns=\"http:\/\/www.w3.org\/2000\/svg\" viewBox=\"0 0 1000 100\" preserveAspectRatio=\"none\">\n\t<path class=\"elementor-shape-fill\" d=\"M737.9,94.7L0,0v100h1000V0L737.9,94.7z\"\/>\n<\/svg>\t\t<\/div>\n\t\t\t\t<div class=\"elementor-element elementor-element-3a8ee0a elementor-widget elementor-widget-heading\" data-id=\"3a8ee0a\" data-element_type=\"widget\" data-e-type=\"widget\" data-widget_type=\"heading.default\">\n\t\t\t\t<div class=\"elementor-widget-container\">\n\t\t\t\t\t<h2 class=\"elementor-heading-title elementor-size-default\">Sobre<\/h2>\t\t\t\t<\/div>\n\t\t\t\t<\/div>\n\t\t\t\t<\/div>\n\t\t<div class=\"elementor-element elementor-element-1851b71 e-con-full e-flex e-con e-parent\" data-id=\"1851b71\" data-element_type=\"container\" data-e-type=\"container\">\n\t\t<div class=\"elementor-element elementor-element-ff5ad60 e-con-full e-flex e-con e-parent\" data-id=\"ff5ad60\" data-element_type=\"container\" data-e-type=\"container\">\n\t\t\t\t<div class=\"elementor-element elementor-element-d6b5b8f elementor-widget elementor-widget-heading\" data-id=\"d6b5b8f\" data-element_type=\"widget\" data-e-type=\"widget\" data-widget_type=\"heading.default\">\n\t\t\t\t<div class=\"elementor-widget-container\">\n\t\t\t\t\t<h5 class=\"elementor-heading-title elementor-size-default\">Transportadora Potyguar: A solu\u00e7\u00e3o perfeita para suas necessidades log\u00edsticas! <\/h5>\t\t\t\t<\/div>\n\t\t\t\t<\/div>\n\t\t\t\t<div class=\"elementor-element elementor-element-3c348b1 elementor-widget elementor-widget-text-editor\" data-id=\"3c348b1\" data-element_type=\"widget\" data-e-type=\"widget\" data-widget_type=\"text-editor.default\">\n\t\t\t\t<div class=\"elementor-widget-container\">\n\t\t\t\t\t\t\t\t\t<p>Com anos de experi\u00eancia no mercado, a Transportadora Potyguar se destaca como uma das principais refer\u00eancias no setor de transporte de cargas. O compromisso e o trabalho executado fazem com que sejamos refer\u00eancia em transportes de cargas nos estados do Cear\u00e1, Rio Grande do Norte, Para\u00edba, Pernambuco.<\/p><p>Nosso compromisso \u00e9 entregar mais do que apenas produtos, mas tamb\u00e9m excel\u00eancia no atendimento e total satisfa\u00e7\u00e3o de nossos clientes.<\/p><p>Nossa frota \u00e9 composta por ve\u00edculos modernos, equipados com tecnologia de ponta para garantir a seguran\u00e7a e a integridade de suas mercadorias durante todo o trajeto. Al\u00e9m disso, contamos com uma equipe altamente qualificada de motoristas e profissionais dedicados, que s\u00e3o treinados para lidar com os desafios do transporte e entregar suas cargas dentro do prazo estabelecido.<\/p><p>A confian\u00e7a \u00e9 a base de nosso relacionamento com os clientes. Estamos comprometidos em oferecer um servi\u00e7o transparente e confi\u00e1vel, com atualiza\u00e7\u00f5es regulares sobre o status de suas remessas e um suporte atencioso sempre que voc\u00ea precisar. Nossa prioridade \u00e9 garantir que suas mercadorias cheguem ao destino final com efici\u00eancia e seguran\u00e7a.<\/p>\t\t\t\t\t\t\t\t<\/div>\n\t\t\t\t<\/div>\n\t\t\t\t<\/div>\n\t\t<div class=\"elementor-element elementor-element-486ebb5 e-con-full e-flex e-con e-parent\" data-id=\"486ebb5\" data-element_type=\"container\" data-e-type=\"container\">\n\t\t\t\t<div class=\"elementor-element elementor-element-8b9f066 elementor-widget elementor-widget-image\" data-id=\"8b9f066\" data-element_type=\"widget\" data-e-type=\"widget\" data-widget_type=\"image.default\">\n\t\t\t\t<div class=\"elementor-widget-container\">\n\t\t\t\t\t\t\t\t\t\t\t\t\t\t\t<img fetchpriority=\"high\" decoding=\"async\" width=\"1440\" height=\"960\" src=\"https:\/\/transpotyguar.com.br\/wp-content\/uploads\/2023\/05\/transpotyguar.webp\" class=\"attachment-full size-full wp-image-269\" alt=\"\" srcset=\"https:\/\/transpotyguar.com.br\/wp-content\/uploads\/2023\/05\/transpotyguar.webp 1440w, https:\/\/transpotyguar.com.br\/wp-content\/uploads\/2023\/05\/transpotyguar-300x200.webp 300w, https:\/\/transpotyguar.com.br\/wp-content\/uploads\/2023\/05\/transpotyguar-1024x683.webp 1024w, https:\/\/transpotyguar.com.br\/wp-content\/uploads\/2023\/05\/transpotyguar-768x512.webp 768w\" sizes=\"(max-width: 1440px) 100vw, 1440px\" \/>\t\t\t\t\t\t\t\t\t\t\t\t\t\t\t<\/div>\n\t\t\t\t<\/div>\n\t\t\t\t<div class=\"elementor-element elementor-element-71711d1 elementor-widget elementor-widget-heading\" data-id=\"71711d1\" data-element_type=\"widget\" data-e-type=\"widget\" data-widget_type=\"heading.default\">\n\t\t\t\t<div class=\"elementor-widget-container\">\n\t\t\t\t\t<h5 class=\"elementor-heading-title elementor-size-default\">Nosso Diferencial<\/h5>\t\t\t\t<\/div>\n\t\t\t\t<\/div>\n\t\t\t\t<div class=\"elementor-element elementor-element-f76993f elementor-widget__width-initial elementor-icon-list--layout-traditional elementor-list-item-link-full_width elementor-widget elementor-widget-icon-list\" data-id=\"f76993f\" data-element_type=\"widget\" data-e-type=\"widget\" data-widget_type=\"icon-list.default\">\n\t\t\t\t<div class=\"elementor-widget-container\">\n\t\t\t\t\t\t\t<ul class=\"elementor-icon-list-items\">\n\t\t\t\t\t\t\t<li class=\"elementor-icon-list-item\">\n\t\t\t\t\t\t\t\t\t\t\t<span class=\"elementor-icon-list-icon\">\n\t\t\t\t\t\t\t<i aria-hidden=\"true\" class=\"fas fa-check\"><\/i>\t\t\t\t\t\t<\/span>\n\t\t\t\t\t\t\t\t\t\t<span class=\"elementor-icon-list-text\">Pontualidade<\/span>\n\t\t\t\t\t\t\t\t\t<\/li>\n\t\t\t\t\t\t\t\t<li class=\"elementor-icon-list-item\">\n\t\t\t\t\t\t\t\t\t\t\t<span class=\"elementor-icon-list-icon\">\n\t\t\t\t\t\t\t<i aria-hidden=\"true\" class=\"fas fa-check\"><\/i>\t\t\t\t\t\t<\/span>\n\t\t\t\t\t\t\t\t\t\t<span class=\"elementor-icon-list-text\">Organiza\u00e7\u00e3o<\/span>\n\t\t\t\t\t\t\t\t\t<\/li>\n\t\t\t\t\t\t\t\t<li class=\"elementor-icon-list-item\">\n\t\t\t\t\t\t\t\t\t\t\t<span class=\"elementor-icon-list-icon\">\n\t\t\t\t\t\t\t<i aria-hidden=\"true\" class=\"fas fa-check\"><\/i>\t\t\t\t\t\t<\/span>\n\t\t\t\t\t\t\t\t\t\t<span class=\"elementor-icon-list-text\">Responsabilidade Social<\/span>\n\t\t\t\t\t\t\t\t\t<\/li>\n\t\t\t\t\t\t\t\t<li class=\"elementor-icon-list-item\">\n\t\t\t\t\t\t\t\t\t\t\t<span class=\"elementor-icon-list-icon\">\n\t\t\t\t\t\t\t<i aria-hidden=\"true\" class=\"fas fa-check\"><\/i>\t\t\t\t\t\t<\/span>\n\t\t\t\t\t\t\t\t\t\t<span class=\"elementor-icon-list-text\">Transpar\u00eancia nos neg\u00f3cios<\/span>\n\t\t\t\t\t\t\t\t\t<\/li>\n\t\t\t\t\t\t\t\t<li class=\"elementor-icon-list-item\">\n\t\t\t\t\t\t\t\t\t\t\t<span class=\"elementor-icon-list-icon\">\n\t\t\t\t\t\t\t<i aria-hidden=\"true\" class=\"fas fa-check\"><\/i>\t\t\t\t\t\t<\/span>\n\t\t\t\t\t\t\t\t\t\t<span class=\"elementor-icon-list-text\">Visar a satisfa\u00e7\u00e3o dos clientes sempre<\/span>\n\t\t\t\t\t\t\t\t\t<\/li>\n\t\t\t\t\t\t\t\t<li class=\"elementor-icon-list-item\">\n\t\t\t\t\t\t\t\t\t\t\t<span class=\"elementor-icon-list-icon\">\n\t\t\t\t\t\t\t<i aria-hidden=\"true\" class=\"fas fa-check\"><\/i>\t\t\t\t\t\t<\/span>\n\t\t\t\t\t\t\t\t\t\t<span class=\"elementor-icon-list-text\">Zelar pelas pessoas, pela seguran\u00e7a e pelo meio ambiente<\/span>\n\t\t\t\t\t\t\t\t\t<\/li>\n\t\t\t\t\t\t<\/ul>\n\t\t\t\t\t\t<\/div>\n\t\t\t\t<\/div>\n\t\t\t\t<\/div>\n\t\t\t\t<\/div>\n\t\t<div class=\"elementor-element elementor-element-fb032d6 e-con-full e-flex e-con e-parent\" data-id=\"fb032d6\" data-element_type=\"container\" data-e-type=\"container\">\n\t\t\t\t<div class=\"elementor-element elementor-element-1457c8e elementor-position-top elementor-invisible elementor-widget elementor-widget-image-box\" data-id=\"1457c8e\" data-element_type=\"widget\" data-e-type=\"widget\" data-settings=\"{&quot;_animation&quot;:&quot;fadeInDown&quot;}\" data-widget_type=\"image-box.default\">\n\t\t\t\t<div class=\"elementor-widget-container\">\n\t\t\t\t\t<div class=\"elementor-image-box-wrapper\"><figure class=\"elementor-image-box-img\"><img decoding=\"async\" width=\"300\" height=\"300\" src=\"https:\/\/transpotyguar.com.br\/wp-content\/uploads\/2023\/05\/unidades.jpg\" class=\"attachment-medium size-medium wp-image-243\" alt=\"\" srcset=\"https:\/\/transpotyguar.com.br\/wp-content\/uploads\/2023\/05\/unidades.jpg 300w, https:\/\/transpotyguar.com.br\/wp-content\/uploads\/2023\/05\/unidades-150x150.jpg 150w\" sizes=\"(max-width: 300px) 100vw, 300px\" \/><\/figure><div class=\"elementor-image-box-content\"><h3 class=\"elementor-image-box-title\">Unidades<\/h3><p class=\"elementor-image-box-description\">Contamos com escrit\u00f3rios estrategicamente localizados para melhor atender nossos clientes. Nossas unidades est\u00e3o equipadas com uma equipe dedicada e experiente, pronta para oferecer suporte e assist\u00eancia personalizada. \n<\/p><\/div><\/div>\t\t\t\t<\/div>\n\t\t\t\t<\/div>\n\t\t\t\t<div class=\"elementor-element elementor-element-623b5c6 elementor-position-top elementor-invisible elementor-widget elementor-widget-image-box\" data-id=\"623b5c6\" data-element_type=\"widget\" data-e-type=\"widget\" data-settings=\"{&quot;_animation&quot;:&quot;fadeInDown&quot;}\" data-widget_type=\"image-box.default\">\n\t\t\t\t<div class=\"elementor-widget-container\">\n\t\t\t\t\t<div class=\"elementor-image-box-wrapper\"><figure class=\"elementor-image-box-img\"><img decoding=\"async\" width=\"300\" height=\"300\" src=\"https:\/\/transpotyguar.com.br\/wp-content\/uploads\/2023\/05\/frota.jpg\" class=\"attachment-medium size-medium wp-image-244\" alt=\"\" srcset=\"https:\/\/transpotyguar.com.br\/wp-content\/uploads\/2023\/05\/frota.jpg 300w, https:\/\/transpotyguar.com.br\/wp-content\/uploads\/2023\/05\/frota-150x150.jpg 150w\" sizes=\"(max-width: 300px) 100vw, 300px\" \/><\/figure><div class=\"elementor-image-box-content\"><h3 class=\"elementor-image-box-title\">Frota<\/h3><p class=\"elementor-image-box-description\">Nossa frota \u00e9 composta por ve\u00edculos modernos, equipados com tecnologia de ponta para garantir a seguran\u00e7a e a integridade das cargas durante todo o trajeto. Mantemos nossos ve\u00edculos em excelente estado de conserva\u00e7\u00e3o, realizando manuten\u00e7\u00f5es regulares e seguindo rigorosos padr\u00f5es de seguran\u00e7a. \n\n<\/p><\/div><\/div>\t\t\t\t<\/div>\n\t\t\t\t<\/div>\n\t\t\t\t<div class=\"elementor-element elementor-element-6c187ae elementor-position-top elementor-invisible elementor-widget elementor-widget-image-box\" data-id=\"6c187ae\" data-element_type=\"widget\" data-e-type=\"widget\" data-settings=\"{&quot;_animation&quot;:&quot;fadeInDown&quot;}\" data-widget_type=\"image-box.default\">\n\t\t\t\t<div class=\"elementor-widget-container\">\n\t\t\t\t\t<div class=\"elementor-image-box-wrapper\"><figure class=\"elementor-image-box-img\"><img loading=\"lazy\" decoding=\"async\" width=\"300\" height=\"300\" src=\"https:\/\/transpotyguar.com.br\/wp-content\/uploads\/2023\/05\/profissionais.jpg\" class=\"attachment-medium size-medium wp-image-245\" alt=\"\" srcset=\"https:\/\/transpotyguar.com.br\/wp-content\/uploads\/2023\/05\/profissionais.jpg 300w, https:\/\/transpotyguar.com.br\/wp-content\/uploads\/2023\/05\/profissionais-150x150.jpg 150w\" sizes=\"(max-width: 300px) 100vw, 300px\" \/><\/figure><div class=\"elementor-image-box-content\"><h3 class=\"elementor-image-box-title\">Profissionais<\/h3><p class=\"elementor-image-box-description\">Nossa equipe de profissionais \u00e9 altamente qualificada e comprometida em fornecer um servi\u00e7o excepcional. Nossos motoristas s\u00e3o treinados para lidar com os desafios do transporte de cargas, garantindo a seguran\u00e7a e o cuidado com as mercadorias. A\n\n<\/p><\/div><\/div>\t\t\t\t<\/div>\n\t\t\t\t<\/div>\n\t\t\t\t<\/div>\n\t\t<div class=\"elementor-element elementor-element-e268dd4 e-con-full e-flex e-con e-parent\" data-id=\"e268dd4\" data-element_type=\"container\" data-e-type=\"container\">\n\t\t\t\t<div class=\"elementor-element elementor-element-f08361d elementor-widget__width-initial elementor-view-stacked elementor-position-inline-start elementor-shape-circle elementor-mobile-position-block-start elementor-widget elementor-widget-icon-box\" data-id=\"f08361d\" data-element_type=\"widget\" data-e-type=\"widget\" data-widget_type=\"icon-box.default\">\n\t\t\t\t<div class=\"elementor-widget-container\">\n\t\t\t\t\t\t\t<div class=\"elementor-icon-box-wrapper\">\n\n\t\t\t\t\t\t<div class=\"elementor-icon-box-icon\">\n\t\t\t\t<span  class=\"elementor-icon\">\n\t\t\t\t<i aria-hidden=\"true\" class=\"fas fa-business-time\"><\/i>\t\t\t\t<\/span>\n\t\t\t<\/div>\n\t\t\t\n\t\t\t\t\t\t<div class=\"elementor-icon-box-content\">\n\n\t\t\t\t\t\t\t\t\t<h4 class=\"elementor-icon-box-title\">\n\t\t\t\t\t\t<span  >\n\t\t\t\t\t\t\tNeg\u00f3cio\t\t\t\t\t\t<\/span>\n\t\t\t\t\t<\/h4>\n\t\t\t\t\n\t\t\t\t\t\t\t\t\t<p class=\"elementor-icon-box-description\">\n\t\t\t\t\t\tNosso neg\u00f3cio \u00e9 oferecer solu\u00e7\u00f5es log\u00edsticas confi\u00e1veis e eficientes, proporcionando uma experi\u00eancia de transporte de cargas superior aos nossos clientes. Estamos comprometidos em garantir a entrega segura e pontual de suas mercadorias, oferecendo servi\u00e7os personalizados e adaptados \u00e0s necessidades de cada cliente. Valorizamos a excel\u00eancia operacional, a inova\u00e7\u00e3o e a busca cont\u00ednua pela melhoria em todas as \u00e1reas do nosso neg\u00f3cio.\n\t\t\t\t\t<\/p>\n\t\t\t\t\n\t\t\t<\/div>\n\t\t\t\n\t\t<\/div>\n\t\t\t\t\t\t<\/div>\n\t\t\t\t<\/div>\n\t\t\t\t<\/div>\n\t\t<div class=\"elementor-element elementor-element-e0bc128 e-con-full e-flex e-con e-parent\" data-id=\"e0bc128\" data-element_type=\"container\" data-e-type=\"container\">\n\t\t\t\t<div class=\"elementor-element elementor-element-15dba3c elementor-widget__width-initial elementor-view-stacked elementor-position-inline-start elementor-shape-circle elementor-mobile-position-block-start elementor-widget elementor-widget-icon-box\" data-id=\"15dba3c\" data-element_type=\"widget\" data-e-type=\"widget\" data-widget_type=\"icon-box.default\">\n\t\t\t\t<div class=\"elementor-widget-container\">\n\t\t\t\t\t\t\t<div class=\"elementor-icon-box-wrapper\">\n\n\t\t\t\t\t\t<div class=\"elementor-icon-box-icon\">\n\t\t\t\t<span  class=\"elementor-icon\">\n\t\t\t\t<i aria-hidden=\"true\" class=\"feather icon-check-square\"><\/i>\t\t\t\t<\/span>\n\t\t\t<\/div>\n\t\t\t\n\t\t\t\t\t\t<div class=\"elementor-icon-box-content\">\n\n\t\t\t\t\t\t\t\t\t<h4 class=\"elementor-icon-box-title\">\n\t\t\t\t\t\t<span  >\n\t\t\t\t\t\t\tMiss\u00e3o\t\t\t\t\t\t<\/span>\n\t\t\t\t\t<\/h4>\n\t\t\t\t\n\t\t\t\t\t\t\t\t\t<p class=\"elementor-icon-box-description\">\n\t\t\t\t\t\tNossa miss\u00e3o \u00e9 ser a transportadora de refer\u00eancia no mercado, oferecendo servi\u00e7os log\u00edsticos de alta qualidade que superem as expectativas de nossos clientes. Buscamos estabelecer parcerias de longo prazo, baseadas na confian\u00e7a, no comprometimento e na transpar\u00eancia. Estamos empenhados em fornecer um atendimento excepcional, cuidando das mercadorias de nossos clientes como se fossem nossas, sempre priorizando a seguran\u00e7a, a efici\u00eancia e a satisfa\u00e7\u00e3o.\n\t\t\t\t\t<\/p>\n\t\t\t\t\n\t\t\t<\/div>\n\t\t\t\n\t\t<\/div>\n\t\t\t\t\t\t<\/div>\n\t\t\t\t<\/div>\n\t\t\t\t<\/div>\n\t\t<div class=\"elementor-element elementor-element-d2a95ac e-con-full e-flex e-con e-parent\" data-id=\"d2a95ac\" data-element_type=\"container\" data-e-type=\"container\">\n\t\t\t\t<div class=\"elementor-element elementor-element-f08b5d3 elementor-widget__width-initial elementor-view-stacked elementor-position-inline-start elementor-shape-circle elementor-mobile-position-block-start elementor-widget elementor-widget-icon-box\" data-id=\"f08b5d3\" data-element_type=\"widget\" data-e-type=\"widget\" data-widget_type=\"icon-box.default\">\n\t\t\t\t<div class=\"elementor-widget-container\">\n\t\t\t\t\t\t\t<div class=\"elementor-icon-box-wrapper\">\n\n\t\t\t\t\t\t<div class=\"elementor-icon-box-icon\">\n\t\t\t\t<span  class=\"elementor-icon\">\n\t\t\t\t<i aria-hidden=\"true\" class=\"far fa-eye\"><\/i>\t\t\t\t<\/span>\n\t\t\t<\/div>\n\t\t\t\n\t\t\t\t\t\t<div class=\"elementor-icon-box-content\">\n\n\t\t\t\t\t\t\t\t\t<h4 class=\"elementor-icon-box-title\">\n\t\t\t\t\t\t<span  >\n\t\t\t\t\t\t\tVis\u00e3o\t\t\t\t\t\t<\/span>\n\t\t\t\t\t<\/h4>\n\t\t\t\t\n\t\t\t\t\t\t\t\t\t<p class=\"elementor-icon-box-description\">\n\t\t\t\t\t\tNossa vis\u00e3o \u00e9 ser reconhecida como a transportadora l\u00edder em excel\u00eancia e inova\u00e7\u00e3o, estabelecendo os mais altos padr\u00f5es de desempenho e qualidade no setor log\u00edstico. Buscamos constantemente expandir nossa frota, investir em tecnologias avan\u00e7adas e aprimorar nossas habilidades e conhecimentos. Desejamos ser a escolha preferencial de nossos clientes, fornecendo solu\u00e7\u00f5es log\u00edsticas personalizadas.\n\t\t\t\t\t<\/p>\n\t\t\t\t\n\t\t\t<\/div>\n\t\t\t\n\t\t<\/div>\n\t\t\t\t\t\t<\/div>\n\t\t\t\t<\/div>\n\t\t\t\t<\/div>\n\t\t\t\t<\/div>\n\t\t","protected":false},"excerpt":{"rendered":"<p>Sobre Transportadora Potyguar: A solu\u00e7\u00e3o perfeita para suas necessidades log\u00edsticas! Com anos de experi\u00eancia no mercado, a Transportadora Potyguar se destaca como uma das principais refer\u00eancias no setor de transporte de cargas. O compromisso e o trabalho executado fazem com que sejamos refer\u00eancia em transportes de cargas nos estados do Cear\u00e1, Rio Grande do Norte, [&hellip;]<\/p>\n","protected":false},"author":2,"featured_media":0,"parent":0,"menu_order":0,"comment_status":"closed","ping_status":"closed","template":"elementor_header_footer","meta":{"_joinchat":[],"footnotes":""},"class_list":["post-27","page","type-page","status-publish","hentry"],"_links":{"self":[{"href":"https:\/\/transpotyguar.com.br\/index.php?rest_route=\/wp\/v2\/pages\/27","targetHints":{"allow":["GET"]}}],"collection":[{"href":"https:\/\/transpotyguar.com.br\/index.php?rest_route=\/wp\/v2\/pages"}],"about":[{"href":"https:\/\/transpotyguar.com.br\/index.php?rest_route=\/wp\/v2\/types\/page"}],"author":[{"embeddable":true,"href":"https:\/\/transpotyguar.com.br\/index.php?rest_route=\/wp\/v2\/users\/2"}],"replies":[{"embeddable":true,"href":"https:\/\/transpotyguar.com.br\/index.php?rest_route=%2Fwp%2Fv2%2Fcomments&post=27"}],"version-history":[{"count":76,"href":"https:\/\/transpotyguar.com.br\/index.php?rest_route=\/wp\/v2\/pages\/27\/revisions"}],"predecessor-version":[{"id":464,"href":"https:\/\/transpotyguar.com.br\/index.php?rest_route=\/wp\/v2\/pages\/27\/revisions\/464"}],"wp:attachment":[{"href":"https:\/\/transpotyguar.com.br\/index.php?rest_route=%2Fwp%2Fv2%2Fmedia&parent=27"}],"curies":[{"name":"wp","href":"https:\/\/api.w.org\/{rel}","templated":true}]}}